{"id":758,"date":"2016-03-08T12:28:11","date_gmt":"2016-03-08T11:28:11","guid":{"rendered":"https:\/\/lesgoulus.com\/goulus\/?page_id=758"},"modified":"2017-05-19T10:30:51","modified_gmt":"2017-05-19T09:30:51","slug":"la-brigade-des-dineurs","status":"publish","type":"page","link":"https:\/\/lesgoulus.com\/goulus\/evenementiel\/la-brigade-des-dineurs\/","title":{"rendered":"La Brigade des D\u00eeneurs"},"content":{"rendered":"<p>&nbsp;<\/p>\n<h2 style=\"text-align: center;\">Interventions adapt\u00e9es pour vos \u00e9v\u00e9nements et soir\u00e9es<\/h2>\n<p>&nbsp;<\/p>\n<p>La Brigade des d\u00eeneurs est un spectacle-puzzle\u00a0o\u00f9 une \u00e9quipe de com\u00e9diens pluridisciplinaires interpr\u00e8te\u00a0des sayn\u00e8tes comiques, courtes et enlev\u00e9es, au milieu des invit\u00e9s et sur un mode plut\u00f4t\u00a0d\u00e9ambulatoire.<\/p>\n<p>Le but de la Brigade des d\u00eeneurs est d\u2019accompagner une soir\u00e9e plut\u00f4t que de la monopoliser, de cr\u00e9er un\u00a0univers accueillant et imaginatif, d\u2019amuser, de surprendre et d\u00e9tendre, pour favoriser une plus grande\u00a0convivialit\u00e9.<br \/>\n&nbsp;<br \/>\n<a href=\"https:\/\/lesgoulus.com\/goulus\/wp-content\/uploads\/2016\/12\/La-Brigade-Des-D\u00eeneurs-Cie-Les-Goulus-Formule-bleue.pdf\"><strong>D\u00e9couvrez un aper\u00e7u de nos personnages d\u00e9jant\u00e9s en t\u00e9l\u00e9chargeant le dossier.<\/strong><\/a><br \/>\n&nbsp;<br \/>\n\n\t\t<style type=\"text\/css\">\n\t\t\t#gallery-1 {\n\t\t\t\tmargin: auto;\n\t\t\t}\n\t\t\t#gallery-1 .gallery-item {\n\t\t\t\tfloat: left;\n\t\t\t\tmargin-top: 10px;\n\t\t\t\ttext-align: center;\n\t\t\t\twidth: 25%;\n\t\t\t}\n\t\t\t#gallery-1 img {\n\t\t\t\tborder: 2px solid #cfcfcf;\n\t\t\t}\n\t\t\t#gallery-1 .gallery-caption {\n\t\t\t\tmargin-left: 0;\n\t\t\t}\n\t\t\t\/* see gallery_shortcode() in wp-includes\/media.php *\/\n\t\t<\/style>\n\t\t<div id='gallery-1' class='gallery galleryid-758 gallery-columns-4 gallery-size-thumbnail'><dl class='gallery-item'>\n\t\t\t<dt class='gallery-icon landscape'>\n\t\t\t\t<a href='https:\/\/lesgoulus.com\/goulus\/wp-content\/uploads\/2016\/03\/Les-Cupidons-Envoi-de-bisous-72-dpi.jpg' title=\"\" data-rl_title=\"\" class=\"rl-gallery-link\" data-rl_caption=\"\" data-rel=\"lightbox-gallery-1\"><img decoding=\"async\" width=\"150\" height=\"150\" src=\"https:\/\/lesgoulus.com\/goulus\/wp-content\/uploads\/2016\/03\/Les-Cupidons-Envoi-de-bisous-72-dpi-150x150.jpg\" class=\"attachment-thumbnail size-thumbnail\" alt=\"\" \/><\/a>\n\t\t\t<\/dt><\/dl><dl class='gallery-item'>\n\t\t\t<dt class='gallery-icon landscape'>\n\t\t\t\t<a href='https:\/\/lesgoulus.com\/goulus\/wp-content\/uploads\/2016\/03\/La-Nounou-recadr\u00e9.jpg' title=\"\" data-rl_title=\"\" class=\"rl-gallery-link\" data-rl_caption=\"\" data-rel=\"lightbox-gallery-1\"><img decoding=\"async\" width=\"150\" height=\"150\" src=\"https:\/\/lesgoulus.com\/goulus\/wp-content\/uploads\/2016\/03\/La-Nounou-recadr\u00e9-150x150.jpg\" class=\"attachment-thumbnail size-thumbnail\" alt=\"\" \/><\/a>\n\t\t\t<\/dt><\/dl><dl class='gallery-item'>\n\t\t\t<dt class='gallery-icon portrait'>\n\t\t\t\t<a href='https:\/\/lesgoulus.com\/goulus\/wp-content\/uploads\/2016\/03\/DSCN2504-copie.jpg' title=\"\" data-rl_title=\"\" class=\"rl-gallery-link\" data-rl_caption=\"\" data-rel=\"lightbox-gallery-1\"><img decoding=\"async\" width=\"150\" height=\"150\" src=\"https:\/\/lesgoulus.com\/goulus\/wp-content\/uploads\/2016\/03\/DSCN2504-copie-150x150.jpg\" class=\"attachment-thumbnail size-thumbnail\" alt=\"\" \/><\/a>\n\t\t\t<\/dt><\/dl><dl class='gallery-item'>\n\t\t\t<dt class='gallery-icon portrait'>\n\t\t\t\t<a href='https:\/\/lesgoulus.com\/goulus\/wp-content\/uploads\/2016\/03\/Le-journaliste-recadr\u00e9.jpg' title=\"\" data-rl_title=\"\" class=\"rl-gallery-link\" data-rl_caption=\"\" data-rel=\"lightbox-gallery-1\"><img decoding=\"async\" width=\"150\" height=\"150\" src=\"https:\/\/lesgoulus.com\/goulus\/wp-content\/uploads\/2016\/03\/Le-journaliste-recadr\u00e9-150x150.jpg\" class=\"attachment-thumbnail size-thumbnail\" alt=\"\" \/><\/a>\n\t\t\t<\/dt><\/dl><br style=\"clear: both\" \/><dl class='gallery-item'>\n\t\t\t<dt class='gallery-icon landscape'>\n\t\t\t\t<a href='https:\/\/lesgoulus.com\/goulus\/wp-content\/uploads\/2016\/03\/LAboyeur-avec-registre-3.jpg' title=\"\" data-rl_title=\"\" class=\"rl-gallery-link\" data-rl_caption=\"\" data-rel=\"lightbox-gallery-1\"><img decoding=\"async\" width=\"150\" height=\"150\" src=\"https:\/\/lesgoulus.com\/goulus\/wp-content\/uploads\/2016\/03\/LAboyeur-avec-registre-3-150x150.jpg\" class=\"attachment-thumbnail size-thumbnail\" alt=\"\" \/><\/a>\n\t\t\t<\/dt><\/dl><dl class='gallery-item'>\n\t\t\t<dt class='gallery-icon landscape'>\n\t\t\t\t<a href='https:\/\/lesgoulus.com\/goulus\/wp-content\/uploads\/2016\/03\/Les-Bacchus-Basse-d\u00e9finition.jpg' title=\"\" data-rl_title=\"\" class=\"rl-gallery-link\" data-rl_caption=\"\" data-rel=\"lightbox-gallery-1\"><img decoding=\"async\" width=\"150\" height=\"150\" src=\"https:\/\/lesgoulus.com\/goulus\/wp-content\/uploads\/2016\/03\/Les-Bacchus-Basse-d\u00e9finition-150x150.jpg\" class=\"attachment-thumbnail size-thumbnail\" alt=\"\" \/><\/a>\n\t\t\t<\/dt><\/dl><dl class='gallery-item'>\n\t\t\t<dt class='gallery-icon portrait'>\n\t\t\t\t<a href='https:\/\/lesgoulus.com\/goulus\/wp-content\/uploads\/2016\/03\/Christian-Bulletin-Recadr\u00e9.jpg' title=\"\" data-rl_title=\"\" class=\"rl-gallery-link\" data-rl_caption=\"\" data-rel=\"lightbox-gallery-1\"><img decoding=\"async\" width=\"150\" height=\"150\" src=\"https:\/\/lesgoulus.com\/goulus\/wp-content\/uploads\/2016\/03\/Christian-Bulletin-Recadr\u00e9-150x150.jpg\" class=\"attachment-thumbnail size-thumbnail\" alt=\"\" \/><\/a>\n\t\t\t<\/dt><\/dl><dl class='gallery-item'>\n\t\t\t<dt class='gallery-icon portrait'>\n\t\t\t\t<a href='https:\/\/lesgoulus.com\/goulus\/wp-content\/uploads\/2016\/03\/Le-Lancier-du-Bengale-salut-recadr\u00e9.jpg' title=\"\" data-rl_title=\"\" class=\"rl-gallery-link\" data-rl_caption=\"\" data-rel=\"lightbox-gallery-1\"><img decoding=\"async\" width=\"150\" height=\"150\" src=\"https:\/\/lesgoulus.com\/goulus\/wp-content\/uploads\/2016\/03\/Le-Lancier-du-Bengale-salut-recadr\u00e9-150x150.jpg\" class=\"attachment-thumbnail size-thumbnail\" alt=\"\" \/><\/a>\n\t\t\t<\/dt><\/dl><br style=\"clear: both\" \/>\n\t\t<\/div>\n<br \/>\n&nbsp;<br \/>\n<iframe loading=\"lazy\" width=\"560\" height=\"315\" src=\"https:\/\/www.youtube.com\/embed\/rz5wyHEETb8\" frameborder=\"0\" allowfullscreen><\/iframe><\/p>\n","protected":false},"excerpt":{"rendered":"<p>&nbsp; Interventions adapt\u00e9es pour vos \u00e9v\u00e9nements et soir\u00e9es &nbsp; La Brigade des d\u00eeneurs est un<a class=\"rmore\" href=\"https:\/\/lesgoulus.com\/goulus\/evenementiel\/la-brigade-des-dineurs\/\">&nbsp;&nbsp; Plus&hellip;<\/a><\/p>\n","protected":false},"author":1,"featured_media":0,"parent":747,"menu_order":0,"comment_status":"closed","ping_status":"closed","template":"","meta":{"footnotes":""},"class_list":["post-758","page","type-page","status-publish","hentry"],"_links":{"self":[{"href":"https:\/\/lesgoulus.com\/goulus\/wp-json\/wp\/v2\/pages\/758","targetHints":{"allow":["GET"]}}],"collection":[{"href":"https:\/\/lesgoulus.com\/goulus\/wp-json\/wp\/v2\/pages"}],"about":[{"href":"https:\/\/lesgoulus.com\/goulus\/wp-json\/wp\/v2\/types\/page"}],"author":[{"embeddable":true,"href":"https:\/\/lesgoulus.com\/goulus\/wp-json\/wp\/v2\/users\/1"}],"replies":[{"embeddable":true,"href":"https:\/\/lesgoulus.com\/goulus\/wp-json\/wp\/v2\/comments?post=758"}],"version-history":[{"count":16,"href":"https:\/\/lesgoulus.com\/goulus\/wp-json\/wp\/v2\/pages\/758\/revisions"}],"predecessor-version":[{"id":1591,"href":"https:\/\/lesgoulus.com\/goulus\/wp-json\/wp\/v2\/pages\/758\/revisions\/1591"}],"up":[{"embeddable":true,"href":"https:\/\/lesgoulus.com\/goulus\/wp-json\/wp\/v2\/pages\/747"}],"wp:attachment":[{"href":"https:\/\/lesgoulus.com\/goulus\/wp-json\/wp\/v2\/media?parent=758"}],"curies":[{"name":"wp","href":"https:\/\/api.w.org\/{rel}","templated":true}]}}