{"id":4,"date":"2014-05-21T21:23:11","date_gmt":"2014-05-21T20:23:11","guid":{"rendered":"https:\/\/lesgoulus.com\/goulus\/?page_id=4"},"modified":"2025-09-29T09:05:49","modified_gmt":"2025-09-29T08:05:49","slug":"agenda","status":"publish","type":"page","link":"https:\/\/lesgoulus.com\/goulus\/agenda\/","title":{"rendered":"Agenda"},"content":{"rendered":"\n<h2 class=\"wp-block-heading\">JANVIER 2025<\/h2>\n\n\n\n<figure class=\"wp-block-image size-large is-resized\"><a href=\"https:\/\/lesgoulus.com\/goulus\/wp-content\/uploads\/2025\/01\/C-EST-PARTI-voeux-small-.jpg\" data-rel=\"lightbox-image-0\" data-rl_title=\"\" data-rl_caption=\"\" title=\"\"><img decoding=\"async\" width=\"790\" height=\"1024\" src=\"https:\/\/lesgoulus.com\/goulus\/wp-content\/uploads\/2025\/01\/C-EST-PARTI-voeux-small--790x1024.jpg\" alt=\"\" class=\"wp-image-1548\" style=\"width:337px;height:432px\" srcset=\"https:\/\/lesgoulus.com\/goulus\/wp-content\/uploads\/2025\/01\/C-EST-PARTI-voeux-small--790x1024.jpg 790w, https:\/\/lesgoulus.com\/goulus\/wp-content\/uploads\/2025\/01\/C-EST-PARTI-voeux-small--231x300.jpg 231w, https:\/\/lesgoulus.com\/goulus\/wp-content\/uploads\/2025\/01\/C-EST-PARTI-voeux-small--768x995.jpg 768w, https:\/\/lesgoulus.com\/goulus\/wp-content\/uploads\/2025\/01\/C-EST-PARTI-voeux-small--1185x1536.jpg 1185w, https:\/\/lesgoulus.com\/goulus\/wp-content\/uploads\/2025\/01\/C-EST-PARTI-voeux-small--139x180.jpg 139w, https:\/\/lesgoulus.com\/goulus\/wp-content\/uploads\/2025\/01\/C-EST-PARTI-voeux-small-.jpg 1240w\" sizes=\"(max-width: 790px) 100vw, 790px\" \/><\/a><\/figure>\n\n\n\n<h2 class=\"wp-block-heading\">MARS 2025<\/h2>\n\n\n\n<p>du 6 au 15 mars &#8211; Kartoon &#8211; R\u00e9sidence de cr\u00e9ation &#8211; Studio 109, NICE (06)<\/p>\n\n\n\n<p>28 &amp; 29 mars &#8211; Kartoon  &#8211; Marienloh (D)<\/p>\n\n\n\n<p><\/p>\n\n\n\n<h2 class=\"wp-block-heading\">AVRIL 2025<\/h2>\n\n\n\n<p>5 ou 12 avril \u2013 <a href=\"https:\/\/lesgoulus.com\/goulus\/blog\/horsemen\/\">The Horsemen<\/a> \u2013&nbsp;FONTAINEBLEAU (77)<\/p>\n\n\n\n<p>du 21 au 25 avril &#8211; Les Horsewomen de Montreuil &#8211; R\u00e9sidence de cr\u00e9ation <\/p>\n\n\n\n<p><\/p>\n\n\n\n<h2 class=\"wp-block-heading\">MAI 2025<\/h2>\n\n\n\n<p>11 mai \u2013 <a href=\"https:\/\/lesgoulus.com\/goulus\/blog\/horsemen\/\" data-type=\"URL\" data-id=\"https:\/\/lesgoulus.com\/goulus\/blog\/horsemen\/\">The Horsemen<\/a> \u2013 LA CHAPELLE MONTLIGEON (61)<\/p>\n\n\n\n<p>16 mai &#8211; <a href=\"https:\/\/lesgoulus.com\/goulus\/blog\/horsemen\/\">The Horsemen<\/a> &#8211; ELMPT (DE)<\/p>\n\n\n\n<p>18 mai \u2013 <a href=\"https:\/\/lesgoulus.com\/goulus\/blog\/horsemen\/\">The Horsemen<\/a> \u2013 ENTZHEIM (67)<\/p>\n\n\n\n<p>20 mai &#8211; <a href=\"https:\/\/lesgoulus.com\/goulus\/blog\/horsemen\/\">The Horsemen<\/a> \u2013 FERRI\u00c8RES-EN-BRIE (77)<\/p>\n\n\n\n<p>21 mai &#8211; The Horsewomen de Montreuil &#8211; FERRI\u00c8RES-EN-BRIE (77)<\/p>\n\n\n\n<p>25 mai \u2013 The Horsewomen de Montreuil &#8211; Festival Temps Dance Ext\u00e9rieur &#8211; NICE (06)<\/p>\n\n\n\n<p><\/p>\n\n\n\n<h2 class=\"wp-block-heading\">JUIN 2025<\/h2>\n\n\n\n<p>6 au 9 juin \u2013 <a href=\"https:\/\/lesgoulus.com\/goulus\/blog\/horsemen\/\">The Horsemen<\/a> &amp; <a href=\"https:\/\/lesgoulus.com\/goulus\/blog\/cupidons\/\">les Cupidons<\/a> \u2013 Festival Asfaltart &#8211; MERANO (IT)<\/p>\n\n\n\n<p>11 juin \u2013 Les EquiCoaches &#8211; Happy Mercredi &#8211; LOGNES (77)<\/p>\n\n\n\n<p>12 au 15 juin \u2013 <a href=\"https:\/\/lesgoulus.com\/goulus\/blog\/horsemen\/\">The Horsemen<\/a> \u2013 Artisti in Piazza &#8211; PENNABILI (IT) <\/p>\n\n\n\n<p>14 juin \u2013 <a href=\"https:\/\/lesgoulus.com\/goulus\/blog\/horsemen\/\">The Horsemen<\/a> \u2013 Festi&rsquo;Longvic &#8211; LONGVIC (21) <\/p>\n\n\n\n<p>26 au 28 juin &#8211; <a href=\"https:\/\/lesgoulus.com\/goulus\/blog\/horsemen\/\">The Horsemen<\/a> &#8211; Tinderbox &#8211; ODENSE (DK) <\/p>\n\n\n\n<p>26 juin &#8211; <a href=\"https:\/\/lesgoulus.com\/goulus\/blog\/horsemen\/\">The Horsemen<\/a> &#8211; Hippodrome de LAVAL (53)<\/p>\n\n\n\n<p>28 juin \u2013 <a href=\"https:\/\/lesgoulus.com\/goulus\/blog\/horsemen\/\">The Horsemen<\/a> \u2013 HOLEN (NO)<\/p>\n\n\n\n<p><\/p>\n\n\n\n<h2 class=\"wp-block-heading\">JUILLET 2025<\/h2>\n\n\n\n<p>3 juillet &#8211; <a href=\"https:\/\/lesgoulus.com\/goulus\/blog\/horsemen\/\">The Horsemen<\/a> &#8211; PANAZOL (87)<\/p>\n\n\n\n<p>5 et 6 juillet &#8211; <a href=\"https:\/\/lesgoulus.com\/goulus\/blog\/horsemen\/\">The Horsemen<\/a> &#8211; Les Tchafornis &#8211; ENGIS (BE)<\/p>\n\n\n\n<p>6 juillet &#8211; <a href=\"https:\/\/lesgoulus.com\/goulus\/blog\/horsemen\/\">The Horsemen<\/a> &#8211; Lachfestival &#8211; HOUTHALEN-HELCHTEREN (BE)<\/p>\n\n\n\n<p>6 juillet &#8211; <a href=\"https:\/\/lesgoulus.com\/goulus\/blog\/horsemen\/\">The Horsemen<\/a> &amp; <a href=\"https:\/\/lesgoulus.com\/goulus\/blog\/cupidons\/\">les Cupidons<\/a> \u2013 \u00d4 Berges d&rsquo;\u00c9t\u00e9 &#8211; MASSY (91)<\/p>\n\n\n\n<p>10 juillet &#8211;  <a href=\"https:\/\/lesgoulus.com\/goulus\/blog\/horsemen\/\">The Horsemen<\/a> &#8211; Quartier d&rsquo;\u00c9t\u00e9 &#8211; BRON (69)<\/p>\n\n\n\n<p>18 juillet &#8211; De Km en Km &#8211; CR\u00c9TEIL (94)<\/p>\n\n\n\n<p>24 juillet &#8211;  <a href=\"https:\/\/lesgoulus.com\/goulus\/blog\/horsemen\/\">The Horsemen<\/a> &#8211; LUTTANGE (57)<\/p>\n\n\n\n<p>25 et 26 juillet &#8211; <a href=\"https:\/\/lesgoulus.com\/goulus\/blog\/horsemen\/\">The Horsemen<\/a> &#8211; Kleines Fest &#8211; BAD PYRMONT (D)<\/p>\n\n\n\n<p>24 au 27 juillet &#8211;  <a href=\"https:\/\/lesgoulus.com\/goulus\/blog\/horsemen\/\">The Horsemen<\/a> &#8211; Festival Baltum &#8211; ALBUFEIRA (PT)<\/p>\n\n\n\n<p><\/p>\n\n\n\n<h2 class=\"wp-block-heading\">AO\u00dbT 2025<\/h2>\n\n\n\n<p>1er ao\u00fbt &#8211; Les EquiCoaches &#8211; La Plage des Six Pompes Summer Tour &#8211; GEN\u00c8VE (CH)<\/p>\n\n\n\n<p>2 &amp; 3 ao\u00fbt &#8211; <a href=\"https:\/\/lesgoulus.com\/goulus\/blog\/horsemen\/\">The Horsemen<\/a> &#8211; Kleines Fest &#8211; LUDWIGLUST (D)<\/p>\n\n\n\n<p>16 ao\u00fbt &#8211;  <a href=\"https:\/\/lesgoulus.com\/goulus\/blog\/horsemen\/\">The Horsemen<\/a> &#8211; SAINT DIZIER (52)<\/p>\n\n\n\n<p>17 ao\u00fbt &#8211;  <a href=\"https:\/\/lesgoulus.com\/goulus\/blog\/horsemen\/\">The Horsemen<\/a> &#8211; Strapatzen Festival &#8211; TERNAT (BE)<\/p>\n\n\n\n<p>20 au 23 ao\u00fbt &#8211;  <a href=\"https:\/\/lesgoulus.com\/goulus\/blog\/horsemen\/\">The Horsemen<\/a> &amp; The Horsewomen &#8211; Festival d&rsquo;AURILLAC (15)<\/p>\n\n\n\n<p>29 et 30 ao\u00fbt &#8211;  <a href=\"https:\/\/lesgoulus.com\/goulus\/blog\/horsemen\/\">The Horsemen<\/a> &#8211; G\u00d6TEBORG (NO)<\/p>\n\n\n\n<p>30 ao\u00fbt &#8211;  <a href=\"https:\/\/lesgoulus.com\/goulus\/blog\/horsemen\/\">The Horsemen<\/a> &#8211; WINSCHOTEN (NL)<\/p>\n\n\n\n<p>31 ao\u00fbt &#8211; De Km en Km &amp; <a href=\"https:\/\/lesgoulus.com\/goulus\/blog\/horsemen\/\">The Horsemen<\/a> &#8211; A\u0178-EN-CHAMPAGNE (10)<\/p>\n\n\n\n<p><\/p>\n\n\n\n<h2 class=\"wp-block-heading\">SEPTEMBRE 2025<\/h2>\n\n\n\n<p>6 septembre &#8211;  <a href=\"https:\/\/lesgoulus.com\/goulus\/blog\/horsemen\/\">The Horsemen<\/a> &#8211; KINGERSHEIM (68)<\/p>\n\n\n\n<p>19 septembre &#8211;  <a href=\"https:\/\/lesgoulus.com\/goulus\/blog\/horsemen\/\">The Horsemen<\/a> &#8211; St JEAN D&rsquo;ANG\u00c9LY (17)<\/p>\n\n\n\n<p>28 septembre &#8211; <a href=\"https:\/\/lesgoulus.com\/goulus\/blog\/horsemen\/\">The Horsemen<\/a> &#8211; F\u00eate du Cheval &#8211; GOUVIEUX (60)<\/p>\n\n\n\n<p><\/p>\n\n\n\n<h2 class=\"wp-block-heading\">OCTOBRE 2025<\/h2>\n\n\n\n<p>du 22 au 25 octobre &#8211; <a href=\"https:\/\/lesgoulus.com\/goulus\/blog\/horsemen\/\">The Horsemen<\/a> &#8211; LEEWARDEN (NL)<\/p>\n\n\n\n<p>25 &amp; 26 octobre &#8211; <a href=\"https:\/\/lesgoulus.com\/goulus\/blog\/horsemen\/\">The Horsemen<\/a> et les EquiCoaches &#8211; Les 5 \u00e9toiles de Pau &#8211; PAU (64)<\/p>\n","protected":false},"excerpt":{"rendered":"<p>JANVIER 2025 MARS 2025 du 6 au 15 mars &#8211; Kartoon &#8211; R\u00e9sidence de cr\u00e9ation<a class=\"rmore\" href=\"https:\/\/lesgoulus.com\/goulus\/agenda\/\">&nbsp;&nbsp; Plus&hellip;<\/a><\/p>\n","protected":false},"author":1,"featured_media":0,"parent":0,"menu_order":0,"comment_status":"open","ping_status":"open","template":"","meta":{"footnotes":""},"class_list":["post-4","page","type-page","status-publish","hentry"],"_links":{"self":[{"href":"https:\/\/lesgoulus.com\/goulus\/wp-json\/wp\/v2\/pages\/4","targetHints":{"allow":["GET"]}}],"collection":[{"href":"https:\/\/lesgoulus.com\/goulus\/wp-json\/wp\/v2\/pages"}],"about":[{"href":"https:\/\/lesgoulus.com\/goulus\/wp-json\/wp\/v2\/types\/page"}],"author":[{"embeddable":true,"href":"https:\/\/lesgoulus.com\/goulus\/wp-json\/wp\/v2\/users\/1"}],"replies":[{"embeddable":true,"href":"https:\/\/lesgoulus.com\/goulus\/wp-json\/wp\/v2\/comments?post=4"}],"version-history":[{"count":411,"href":"https:\/\/lesgoulus.com\/goulus\/wp-json\/wp\/v2\/pages\/4\/revisions"}],"predecessor-version":[{"id":1578,"href":"https:\/\/lesgoulus.com\/goulus\/wp-json\/wp\/v2\/pages\/4\/revisions\/1578"}],"wp:attachment":[{"href":"https:\/\/lesgoulus.com\/goulus\/wp-json\/wp\/v2\/media?parent=4"}],"curies":[{"name":"wp","href":"https:\/\/api.w.org\/{rel}","templated":true}]}}