{"id":181,"date":"2014-09-19T13:29:12","date_gmt":"2014-09-19T12:29:12","guid":{"rendered":"https:\/\/lesgoulus.com\/goulus\/?page_id=181"},"modified":"2017-11-09T16:42:56","modified_gmt":"2017-11-09T15:42:56","slug":"la-compagnie","status":"publish","type":"page","link":"https:\/\/lesgoulus.com\/goulus\/la-compagnie\/","title":{"rendered":"La Compagnie"},"content":{"rendered":"<p style=\"text-align: center;\"><em>Tous les \u00eatres humains naissent libres et \u00e9gaux en dignit\u00e9 et en droits. Ils sont dou\u00e9s de raison et de conscience et doivent agir les uns envers les autres dans un esprit de fraternit\u00e9. \u00a0<\/em><\/p>\n<p style=\"text-align: center;\"><em>Art 1. D\u00e9claration universelle des droits de l\u2019homme<\/em><\/p>\n<p>&nbsp;<\/p>\n<p>La compagnie Les Goulus est une compagnie de th\u00e9\u00e2tre de rue.<\/p>\n<p>Nous empruntons notre nom \u00e0 une figure c\u00e9l\u00e8bre de la fin du XIX\u00e8me\u00a0si\u00e8cle : La Goulue. N\u00e9e autour de 1830, rue de la R\u00e9volte \u00e0 Clichy, cette\u00a0fille du peuple a men\u00e9 plus d\u2019une vie : elle fut tour \u00e0 tour blanchisseuse,\u00a0mod\u00e8le (Renoir, Toulouse-Lautrec, et d\u2019autres), actrice, danseuse, dompteuse\u00a0de lions\u2026 Fille d\u2019un p\u00e8re amput\u00e9 des deux jambes, elle est l\u2019\u00e9g\u00e9rie et\u00a0la danseuse embl\u00e9matique du French Cancan et doit son nom de Goulue\u00a0\u00e0 son habitude de vider les verres des clients, tandis qu\u2019elle passait \u00e0 leurs\u00a0tables !<br \/>\nDe nombreux textes et vid\u00e9os t\u00e9moignent de son sens de l\u2019humour et de\u00a0sa joie de vivre. Nous nous reconnaissons dans sa curiosit\u00e9 \u00e0 traverser les\u00a0arts, sa gouaille, son h\u00e9donisme, nous sommes totalement goulus !<\/p>\n<p>La compagnie d\u00e9fend un th\u00e9\u00e2tre en interaction avec le spectateur et questionne\u00a0le r\u00f4le traditionnel du com\u00e9dien en lui conf\u00e9rant la qualit\u00e9 de pouvoir\u00a0intervenir partout et en tout lieu, au travers d\u2019une \u00e9criture r\u00e9solument\u00a0contemporaine et avec une arme de r\u00e9sonnance massive : l\u2019humour !<\/p>\n<p>Jouissant d\u2019une reconnaissance \u00e0 l\u2019\u00e9tranger, Les Goulus nourrissent leurs\u00a0spectacles de la rencontre de publics divers, dans des langues diff\u00e9rentes\u00a0et dans un rapport \u00e0 l\u2019espace public qui est toujours \u00e0 questionner voire\u00a0m\u00eame \u00e0 d\u00e9fendre.<\/p>\n<p>Les Goulus ont de nombreux spectacles \u00e0 leur actif : <em>Les Cupidons<\/em>, <em>Les\u00a0Grands Nains<\/em>, <em>Les Araign\u00e9es<\/em>, <em>Les Krishnous<\/em>, <em>Les Horsemen<\/em> et r\u00e9cemment\u00a0<em>Moli\u00e8re dans tous ses \u00e9tats<\/em> pour les spectacles d\u00e9ambulatoires, <em>MDR !<\/em>,\u00a0<em>Celui qui hurlait \u00e0 l\u2019oreille des chevaux,<\/em> <em>Le Combat de Fanfares<\/em> (co-cr\u00e9\u00e9\u00a0avec la fanfare Le S.N.O.B), B<em>lancass ou p\u2019tit caf\u00e9 ?<\/em>, <em>Pinard et philo de\u00a0comptoir<\/em> pour les spectacles fixes. Sans oublier <em>Main jaune sur la ville<\/em>\u00a0spectacle-ovni, <em>Les Super Chounes<\/em> cr\u00e9ation 2011, <em>Demain je passe \u00e0\u00a0l\u2019Olympia<\/em>, <em>The Last Race<\/em> cr\u00e9ations 2013 et nos derni\u00e8res cr\u00e9ations\u00a0<em>Kartoons<\/em> et <em>TchernOcircuS<\/em>.<\/p>\n<p>En choisissant la rue comme espace de jeu, nous d\u00e9fendons la libert\u00e9 d\u2019expression,\u00a0de pens\u00e9e, de cr\u00e9ation et de circulation dans l\u2019espace public et\u00a0ce dans le respect des droits culturels et de la dignit\u00e9 humaine de chaque\u00a0individu.<br \/>\nNous contribuons \u00e0 promouvoir une soci\u00e9t\u00e9 bas\u00e9e sur l\u00b4\u00e9galit\u00e9 culturelle,\u00a0l\u00b4\u00e9quit\u00e9 territoriale et sociale par le biais de propositions artistiques.<br \/>\nNous revendiquons une fraternit\u00e9 port\u00e9e par le lien social, la recherche de\u00a0l\u00b4int\u00e9r\u00eat g\u00e9n\u00e9ral et la d\u00e9fense du bien commun.<br \/>\nNous portons la r\u00e9appropriation collective et citoyenne de l\u2019espace public\u00a0comme lieu de partage et de rencontre, selon les principes de solidarit\u00e9, de\u00a0mutualisation et de co-construction.<\/p>\n<p>Nous croyons en un art populaire.<\/p>\n<p><a href=\"https:\/\/lesgoulus.com\/goulus\/wp-content\/uploads\/2017\/11\/Pr\u00e9sentation-Les-Goulus.pdf\"><strong>T\u00e9l\u00e9charger le dossier de pr\u00e9sentation &#8230;<\/strong><\/a><\/p>\n","protected":false},"excerpt":{"rendered":"<p>Tous les \u00eatres humains naissent libres et \u00e9gaux en dignit\u00e9 et en droits. Ils sont<a class=\"rmore\" href=\"https:\/\/lesgoulus.com\/goulus\/la-compagnie\/\">&nbsp;&nbsp; Plus&hellip;<\/a><\/p>\n","protected":false},"author":1,"featured_media":0,"parent":0,"menu_order":0,"comment_status":"open","ping_status":"open","template":"","meta":{"footnotes":""},"class_list":["post-181","page","type-page","status-publish","hentry"],"_links":{"self":[{"href":"https:\/\/lesgoulus.com\/goulus\/wp-json\/wp\/v2\/pages\/181","targetHints":{"allow":["GET"]}}],"collection":[{"href":"https:\/\/lesgoulus.com\/goulus\/wp-json\/wp\/v2\/pages"}],"about":[{"href":"https:\/\/lesgoulus.com\/goulus\/wp-json\/wp\/v2\/types\/page"}],"author":[{"embeddable":true,"href":"https:\/\/lesgoulus.com\/goulus\/wp-json\/wp\/v2\/users\/1"}],"replies":[{"embeddable":true,"href":"https:\/\/lesgoulus.com\/goulus\/wp-json\/wp\/v2\/comments?post=181"}],"version-history":[{"count":18,"href":"https:\/\/lesgoulus.com\/goulus\/wp-json\/wp\/v2\/pages\/181\/revisions"}],"predecessor-version":[{"id":1250,"href":"https:\/\/lesgoulus.com\/goulus\/wp-json\/wp\/v2\/pages\/181\/revisions\/1250"}],"wp:attachment":[{"href":"https:\/\/lesgoulus.com\/goulus\/wp-json\/wp\/v2\/media?parent=181"}],"curies":[{"name":"wp","href":"https:\/\/api.w.org\/{rel}","templated":true}]}}