{"id":5,"date":"2014-05-21T21:22:36","date_gmt":"2014-05-21T20:22:36","guid":{"rendered":"https:\/\/lesgoulus.com\/goulus\/en\/?page_id=5"},"modified":"2025-07-29T14:30:35","modified_gmt":"2025-07-29T13:30:35","slug":"calendar","status":"publish","type":"page","link":"https:\/\/lesgoulus.com\/goulus\/en\/calendar\/","title":{"rendered":"Calendar"},"content":{"rendered":"<h1><span style=\"font-size: 2em; line-height: 1.5em;\">2025<\/span><\/h1>\n\n\n<h2 class=\"wp-block-heading\">January<\/h2>\n\n\n\n<figure class=\"wp-block-image size-large is-resized\"><a href=\"https:\/\/lesgoulus.com\/goulus\/en\/wp-content\/uploads\/sites\/2\/2025\/01\/OFF-WE-GO-voeux-english-small-.jpg\" data-rel=\"lightbox-image-0\" data-rl_title=\"\" data-rl_caption=\"\" title=\"\"><img decoding=\"async\" width=\"790\" height=\"1024\" src=\"https:\/\/lesgoulus.com\/goulus\/en\/wp-content\/uploads\/sites\/2\/2025\/01\/OFF-WE-GO-voeux-english-small--790x1024.jpg\" alt=\"\" class=\"wp-image-708\" style=\"width:350px;height:448px\" srcset=\"https:\/\/lesgoulus.com\/goulus\/en\/wp-content\/uploads\/sites\/2\/2025\/01\/OFF-WE-GO-voeux-english-small--790x1024.jpg 790w, https:\/\/lesgoulus.com\/goulus\/en\/wp-content\/uploads\/sites\/2\/2025\/01\/OFF-WE-GO-voeux-english-small--231x300.jpg 231w, https:\/\/lesgoulus.com\/goulus\/en\/wp-content\/uploads\/sites\/2\/2025\/01\/OFF-WE-GO-voeux-english-small--768x995.jpg 768w, https:\/\/lesgoulus.com\/goulus\/en\/wp-content\/uploads\/sites\/2\/2025\/01\/OFF-WE-GO-voeux-english-small--1185x1536.jpg 1185w, https:\/\/lesgoulus.com\/goulus\/en\/wp-content\/uploads\/sites\/2\/2025\/01\/OFF-WE-GO-voeux-english-small--139x180.jpg 139w, https:\/\/lesgoulus.com\/goulus\/en\/wp-content\/uploads\/sites\/2\/2025\/01\/OFF-WE-GO-voeux-english-small-.jpg 1240w\" sizes=\"(max-width: 790px) 100vw, 790px\" \/><\/a><\/figure>\n\n\n\n<h2 class=\"wp-block-heading\">MARCH 2025<\/h2>\n\n\n\n<p>from 6 to 15 &#8211; Kartoon &#8211; Creative residency &#8211; Studio 109, NICE (F)<\/p>\n\n\n\n<p>28 &amp; 29 &#8211; Kartoon  &#8211; Marienloh (D)<\/p>\n\n\n\n<p><\/p>\n\n\n\n<h2 class=\"wp-block-heading\">APRIL 2025<\/h2>\n\n\n\n<p>5 or 12 \u2013 <a href=\"https:\/\/lesgoulus.com\/goulus\/en\/the-horsemen\/\" data-type=\"URL\" data-id=\"https:\/\/lesgoulus.com\/goulus\/en\/the-horsemen\/\">The Horsemen<\/a> \u2013&nbsp;FONTAINEBLEAU (F)<\/p>\n\n\n\n<p>from 21 to 25 &#8211; Les Horsewomen de Montreuil &#8211; Creative residency &#8211; MONTREUIL (F)<\/p>\n\n\n\n<p><\/p>\n\n\n\n<h2 class=\"wp-block-heading\">MAY 2025<\/h2>\n\n\n\n<p>12 \u2013 <a href=\"https:\/\/lesgoulus.com\/goulus\/en\/the-horsemen\/\" data-type=\"URL\" data-id=\"https:\/\/lesgoulus.com\/goulus\/en\/the-horsemen\/\">The Horsemen<\/a> \u2013&nbsp;FONTAINEBLEAU (F)<\/p>\n\n\n\n<p>11 \u2013 <a href=\"https:\/\/lesgoulus.com\/goulus\/en\/the-horsemen\/\" data-type=\"URL\" data-id=\"https:\/\/lesgoulus.com\/goulus\/blog\/horsemen\/\">The Horsemen<\/a> \u2013 LA CHAPELLE MONTLIGEON (F)<\/p>\n\n\n\n<p>16 &#8211; <a href=\"https:\/\/lesgoulus.com\/goulus\/en\/the-horsemen\/\">The Horsemen<\/a> &#8211; ELMPT (DE)<\/p>\n\n\n\n<p>18 \u2013 <a href=\"https:\/\/lesgoulus.com\/goulus\/en\/the-horsemen\/\">The Horsemen<\/a> \u2013 ENTZHEIM (F)<\/p>\n\n\n\n<p>20 &#8211; <a href=\"https:\/\/lesgoulus.com\/goulus\/en\/the-horsemen\/\">The Horsemen<\/a> \u2013 FERRI\u00c8RES-EN-BRIE (F)<\/p>\n\n\n\n<p>21 &#8211; The Horsewomen de Montreuil &#8211; FERRI\u00c8RES-EN-BRIE (F)<\/p>\n\n\n\n<p>25 \u2013 The Horsewomen de Montreuil &#8211; Festival Temps Dance Ext\u00e9rieur &#8211; NICE (F)<\/p>\n\n\n\n<p><\/p>\n\n\n\n<h2 class=\"wp-block-heading\">JUNE 2025<\/h2>\n\n\n\n<p>6 &#8211; 9 \u2013 <a href=\"https:\/\/lesgoulus.com\/goulus\/en\/the-horsemen\/\">The Horsemen<\/a> &amp; <a href=\"https:\/\/lesgoulus.com\/goulus\/en\/the-cupids\/\">the Cupids<\/a> \u2013 Asfaltart &#8211; MERANO (IT)<\/p>\n\n\n\n<p>11 \u2013 Les Horsewomen de Montreuil &#8211; LOGNES (F)<\/p>\n\n\n\n<p>12-15 &#8211; <a href=\"https:\/\/lesgoulus.com\/goulus\/en\/the-horsemen\/\">The Horsemen<\/a> &#8211; Artisti in Piazza &#8211; PENNABILI (IT) <\/p>\n\n\n\n<p>14 \u2013 <a href=\"https:\/\/lesgoulus.com\/goulus\/en\/the-horsemen\/\">The Horsemen<\/a> \u2013 LONGVIC (F) <\/p>\n\n\n\n<p>26 to 28  &#8211; <a href=\"https:\/\/lesgoulus.com\/goulus\/en\/the-horsemen\/\">The Horsemen<\/a> &#8211; TINDERBOX (DK) <\/p>\n\n\n\n<p>26 &#8211; <a href=\"https:\/\/lesgoulus.com\/goulus\/blog\/horsemen\/\">The Horsemen<\/a> &#8211; Hippodrome de LAVAL (F)<\/p>\n\n\n\n<p>28 &#8211; <a href=\"https:\/\/lesgoulus.com\/goulus\/en\/the-horsemen\/\">The Horsemen<\/a> \u2013 HOLEN (NO) <\/p>\n\n\n\n<p><\/p>\n\n\n\n<h2 class=\"wp-block-heading\">JULY 2025<\/h2>\n\n\n\n<p>3 &#8211; <a href=\"https:\/\/lesgoulus.com\/goulus\/blog\/horsemen\/\">The <\/a><a href=\"https:\/\/lesgoulus.com\/goulus\/en\/the-horsemen\/\">Horsemen<\/a> &#8211; PANAZOL (F)<\/p>\n\n\n\n<p>5 &amp; 6 &#8211; <a href=\"https:\/\/lesgoulus.com\/goulus\/en\/the-horsemen\/\">The Horsemen<\/a> &#8211; TCHAFORNIS-ENGIS (BE)<\/p>\n\n\n\n<p>6 &#8211; <a href=\"https:\/\/lesgoulus.com\/goulus\/en\/the-horsemen\/\">The Horsemen<\/a> &#8211; Lachfestival &#8211; HOUTHALEN-HELCHTEREN (BE)<\/p>\n\n\n\n<p>6 &#8211; <a href=\"https:\/\/lesgoulus.com\/goulus\/en\/the-horsemen\/\">The Horsemen<\/a> &amp; <a href=\"https:\/\/lesgoulus.com\/goulus\/en\/the-cupids\/\">the Cupids<\/a> \u2013 \u00d4 Berges d&rsquo;\u00c9t\u00e9 &#8211; MASSY (F)<\/p>\n\n\n\n<p>10 &#8211; <a href=\"https:\/\/lesgoulus.com\/goulus\/en\/the-horsemen\/\">The Horsemen<\/a> &#8211; Quartier d&rsquo;\u00c9t\u00e9 &#8211; BRON (F)<\/p>\n\n\n\n<p>24 &#8211; <a href=\"https:\/\/lesgoulus.com\/goulus\/en\/the-horsemen\/\">The Horsemen<\/a> &#8211; LUTTANGE (F)<\/p>\n\n\n\n<p>25 &amp; 26 &#8211; <a href=\"https:\/\/lesgoulus.com\/goulus\/en\/the-horsemen\/\">The Horsemen<\/a> &#8211; Kleines Fest &#8211; BAD PYRMONT (D)<\/p>\n\n\n\n<p>24 to 27 &#8211; <a href=\"https:\/\/lesgoulus.com\/goulus\/blog\/horsemen\/\"><\/a><a href=\"https:\/\/lesgoulus.com\/goulus\/en\/the-horsemen\/\">The Horsemen<\/a> &#8211; Festival Baltum &#8211; ALBUFEIRA (PT)<\/p>\n\n\n\n<p><\/p>\n\n\n\n<h2 class=\"wp-block-heading\">AUGUST 2025<\/h2>\n\n\n\n<p>1er ao\u00fbt &#8211; Les EquiCoaches &#8211; La Plage des Six Pompes Summer Tour &#8211; GEN\u00c8VE (CH)<\/p>\n\n\n\n<p>2 &amp; 3 ao\u00fbt &#8211; <a href=\"https:\/\/lesgoulus.com\/goulus\/en\/the-horsemen\/\">The Horsemen<\/a> &#8211; Kleines Fest &#8211; LUDWIGLUST (D)<\/p>\n\n\n\n<p>16 &#8211; <a href=\"https:\/\/lesgoulus.com\/goulus\/en\/the-horsemen\/\">The Horsemen<\/a> &#8211; SAINT DIZIER (F)<\/p>\n\n\n\n<p>17 &#8211; <a href=\"https:\/\/lesgoulus.com\/goulus\/blog\/horsemen\/\"><\/a><a href=\"https:\/\/lesgoulus.com\/goulus\/en\/the-horsemen\/\">The Horsemen<\/a> &#8211; Strapatzen festival &#8211; TERNAT (BE)<\/p>\n\n\n\n<p>20 to 23 &#8211; <a href=\"https:\/\/lesgoulus.com\/goulus\/en\/the-horsemen\/\">The Horsemen<\/a> &amp; The EquiCoaches &#8211; Festival d&rsquo;AURILLAC (F)<\/p>\n\n\n\n<p>29 &amp; 30 &#8211; <a href=\"https:\/\/lesgoulus.com\/goulus\/blog\/horsemen\/\"><\/a><a href=\"https:\/\/lesgoulus.com\/goulus\/en\/the-horsemen\/\">The Horsemen<\/a> &#8211; G\u00d6TEBORG (NO)<\/p>\n\n\n\n<p>30 &#8211; <a href=\"https:\/\/lesgoulus.com\/goulus\/blog\/horsemen\/\"><\/a><a href=\"https:\/\/lesgoulus.com\/goulus\/en\/the-horsemen\/\">The Horsemen<\/a> &#8211; WINSCHOTEN (NL)<\/p>\n\n\n\n<p>31 &#8211; De Km en Km &amp; <a href=\"https:\/\/lesgoulus.com\/goulus\/blog\/horsemen\/\">The <\/a><a href=\"https:\/\/lesgoulus.com\/goulus\/en\/the-horsemen\/\">Horsemen<\/a> &#8211; A\u0178-EN-CHAMPAGNE (F)<\/p>\n\n\n\n<p><\/p>\n\n\n\n<h2 class=\"wp-block-heading\">SEPTEMBER 2025<\/h2>\n\n\n\n<p>6 &#8211; <a href=\"https:\/\/lesgoulus.com\/goulus\/en\/the-horsemen\/\">The Horsemen<\/a> &#8211; KINGERSHEIM (F)<\/p>\n\n\n\n<p>19 &#8211; <a href=\"https:\/\/lesgoulus.com\/goulus\/en\/the-horsemen\/\">The Horsemen<\/a> &#8211; St JEAN D&rsquo;ANG\u00c9LY (F)<\/p>\n\n\n\n<p><em>Programming is in progress !<\/em><\/p>\n\n\n\n<p><\/p>\n\n\n\n<h2 class=\"wp-block-heading\">OCTOBER 2025<\/h2>\n\n\n\n<p><\/p>\n\n\n\n<p><\/p>\n","protected":false},"excerpt":{"rendered":"<p>2025 January MARCH 2025 from 6 to 15 &#8211; Kartoon &#8211; Creative residency &#8211; Studio<a class=\"rmore\" href=\"https:\/\/lesgoulus.com\/goulus\/en\/calendar\/\">&nbsp;&nbsp; Plus&hellip;<\/a><\/p>\n","protected":false},"author":1,"featured_media":0,"parent":0,"menu_order":0,"comment_status":"open","ping_status":"open","template":"","meta":{"footnotes":""},"class_list":["post-5","page","type-page","status-publish","hentry"],"_links":{"self":[{"href":"https:\/\/lesgoulus.com\/goulus\/en\/wp-json\/wp\/v2\/pages\/5","targetHints":{"allow":["GET"]}}],"collection":[{"href":"https:\/\/lesgoulus.com\/goulus\/en\/wp-json\/wp\/v2\/pages"}],"about":[{"href":"https:\/\/lesgoulus.com\/goulus\/en\/wp-json\/wp\/v2\/types\/page"}],"author":[{"embeddable":true,"href":"https:\/\/lesgoulus.com\/goulus\/en\/wp-json\/wp\/v2\/users\/1"}],"replies":[{"embeddable":true,"href":"https:\/\/lesgoulus.com\/goulus\/en\/wp-json\/wp\/v2\/comments?post=5"}],"version-history":[{"count":276,"href":"https:\/\/lesgoulus.com\/goulus\/en\/wp-json\/wp\/v2\/pages\/5\/revisions"}],"predecessor-version":[{"id":717,"href":"https:\/\/lesgoulus.com\/goulus\/en\/wp-json\/wp\/v2\/pages\/5\/revisions\/717"}],"wp:attachment":[{"href":"https:\/\/lesgoulus.com\/goulus\/en\/wp-json\/wp\/v2\/media?parent=5"}],"curies":[{"name":"wp","href":"https:\/\/api.w.org\/{rel}","templated":true}]}}